{"id":541,"date":"2019-09-16T14:53:59","date_gmt":"2019-09-16T12:53:59","guid":{"rendered":"http:\/\/www.microcosmo.fr\/?page_id=541"},"modified":"2026-01-14T10:57:49","modified_gmt":"2026-01-14T09:57:49","slug":"banner","status":"publish","type":"page","link":"http:\/\/www.microcosmo.fr\/index.php\/salle-de-reunion\/banner\/","title":{"rendered":"Salle \u00ab\u00a0Banner\u00a0\u00bb"},"content":{"rendered":"\n<p><img loading=\"lazy\" decoding=\"async\" width=\"100\" height=\"77\" class=\"alignnone size-full wp-image-362\" src=\"http:\/\/www.microcosmo.fr\/wp-content\/uploads\/2017\/08\/carte.jpg\" alt=\"carte\">&nbsp;<span style=\"font-size: 18px;\"><strong>Pr<\/strong><\/span><span style=\"font-size: 18px;\"><strong>ofitez de salles de r\u00e9union au c\u0153ur de Saint Maur des Foss\u00e9s.<\/strong><\/span><\/p>\n\n\n<div class=\"wp-block-image\">\n<figure class=\"alignright\"><img loading=\"lazy\" decoding=\"async\" width=\"150\" height=\"150\" src=\"http:\/\/www.microcosmo.fr\/wp-content\/uploads\/2020\/06\/pop3-150x150.jpg\" alt=\"pop3\" class=\"wp-image-672\" title=\"\" srcset=\"http:\/\/www.microcosmo.fr\/wp-content\/uploads\/2020\/06\/pop3-150x150.jpg 150w, http:\/\/www.microcosmo.fr\/wp-content\/uploads\/2020\/06\/pop3-300x300.jpg 300w, http:\/\/www.microcosmo.fr\/wp-content\/uploads\/2020\/06\/pop3.jpg 700w\" sizes=\"auto, (max-width: 150px) 100vw, 150px\" \/><\/figure><\/div>\n\n\n<p><\/p>\n\n\n\n<p><\/p>\n\n\n\n<p><em><strong>&nbsp; <u>La salle 2-3 places (Salle \u00ab\u00a0Banner\u00a0\u00bb)<\/u><\/strong><\/em><br> Pr\u00e9vue pour recevoir 2 \u00e0 3 personnes, cette salle de travail est tr\u00e8s lumineuse, dans son ambiance Zen.<\/p>\n\n\n\n<p><em>&nbsp;<img loading=\"lazy\" decoding=\"async\" width=\"20\" height=\"20\" class=\"alignnone size-full wp-image-340\" src=\"http:\/\/www.microcosmo.fr\/wp-content\/uploads\/2017\/08\/logo-internet.jpg\" alt=\"logo-internet\"> Internet par c\u00e2ble ou wifi via la FIBRE 1Go<br><br><img loading=\"lazy\" decoding=\"async\" width=\"20\" height=\"20\" class=\"alignnone size-full wp-image-338\" src=\"http:\/\/www.microcosmo.fr\/wp-content\/uploads\/2017\/08\/logo-team.png\" alt=\"logo-team\"> Jusqu&rsquo;\u00e0 3 personnes<\/em><br> <em>&nbsp;<img loading=\"lazy\" decoding=\"async\" width=\"20\" height=\"18\" class=\"alignnone size-full wp-image-342\" src=\"http:\/\/www.microcosmo.fr\/wp-content\/uploads\/2017\/08\/logo-pc.png\" alt=\"logo-pc\"> Equip\u00e9e d&rsquo;un ordinateur (sur demande)<\/em><br> <em>&nbsp;<img loading=\"lazy\" decoding=\"async\" width=\"20\" height=\"20\" class=\"alignnone size-full wp-image-344\" src=\"http:\/\/www.microcosmo.fr\/wp-content\/uploads\/2017\/08\/logo-relieuse.png\" alt=\"logo-relieuse\"> Relieuse, massicot&nbsp;(sur demande)<\/em><br> <img loading=\"lazy\" decoding=\"async\" width=\"20\" height=\"20\" class=\"alignnone size-full wp-image-343\" src=\"http:\/\/www.microcosmo.fr\/wp-content\/uploads\/2017\/08\/logo-imprimante.png\" alt=\"Imprimante\"> Impression N&amp;B et Couleur <em>(nous contacter)<br><br><\/em><strong> R\u00e9servez facilement la salle de r\u00e9union en envoyant un message sur notre page \u00ab\u00a0<a href=\"http:\/\/www.microcosmo.fr\/index.php\/espace-co-working\/reservation\/\">R\u00e9servation<\/a>\u00ab\u00a0.<\/strong><\/p>\n\n\n\n<p><strong>TARIF <strong>sept. 2025-Juill.2026<\/strong> &#8211;<\/strong> Tarif pour une location occasionnelle : 20\u20acHT\/heure, 55\u20acHT par demi journ\u00e9e (9h-13h \/ 14h-18h \/ 18h-22h), ou 90\u20acHT la journ\u00e9e (9h-18h).<br> Tarif pour une location r\u00e9guli\u00e8re (au minimum une fois par semaine) : 17\u20acHT\/heure, 50\u20acHT par demi journ\u00e9e (9h-13h \/ 14h-18h \/ 18h-22h), ou 85\u20acHT la journ\u00e9e (9h-18h).<br> <em>Pour des locations longue dur\u00e9e ou r\u00e9guli\u00e8re, merci de nous contacter.<\/em><br> <em>Toute heure d\u00e9but\u00e9e est factur\u00e9e int\u00e9gralement. <\/em><\/p>\n\n\n\n<p>Un acc\u00e8s direct est possible pour cette salle uniquement.<br>\nLa location comprend l&rsquo;acc\u00e8s aux parties communes (salle d&rsquo;attente, toilettes, espace d\u00e9tente avec coin cuisine).<\/p>\n\n\n\n<p>Merci de noter que nous ne pourrons pas accueillir de rassemblement \u00e0 caract\u00e8re politique ou religieux.<\/p>\n\n\n\n<figure class=\"wp-block-image\"><img loading=\"lazy\" decoding=\"async\" width=\"1024\" height=\"478\" src=\"http:\/\/www.microcosmo.fr\/wp-content\/uploads\/2023\/07\/IMG_3721-1024x478.jpg\" alt=\"\" class=\"wp-image-746\" srcset=\"http:\/\/www.microcosmo.fr\/wp-content\/uploads\/2023\/07\/IMG_3721-1024x478.jpg 1024w, http:\/\/www.microcosmo.fr\/wp-content\/uploads\/2023\/07\/IMG_3721-300x140.jpg 300w, http:\/\/www.microcosmo.fr\/wp-content\/uploads\/2023\/07\/IMG_3721-768x359.jpg 768w, http:\/\/www.microcosmo.fr\/wp-content\/uploads\/2023\/07\/IMG_3721-1536x717.jpg 1536w, http:\/\/www.microcosmo.fr\/wp-content\/uploads\/2023\/07\/IMG_3721-2048x957.jpg 2048w\" sizes=\"auto, (max-width: 1024px) 100vw, 1024px\" \/><\/figure>\n\n\n\n<p><\/p>\n","protected":false},"excerpt":{"rendered":"<p>&nbsp;Profitez de salles de r\u00e9union au c\u0153ur de Saint Maur des Foss\u00e9s. &nbsp; La salle 2-3 places (Salle \u00ab\u00a0Banner\u00a0\u00bb) Pr\u00e9vue pour recevoir 2 \u00e0 3 personnes, cette salle de travail est tr\u00e8s lumineuse, dans son ambiance Zen. &nbsp; Internet par c\u00e2ble ou wifi via la FIBRE 1Go Jusqu&rsquo;\u00e0 3 personnes&#8230;<\/p>\n","protected":false},"author":1,"featured_media":0,"parent":295,"menu_order":1,"comment_status":"closed","ping_status":"closed","template":"","meta":{"footnotes":""},"class_list":["post-541","page","type-page","status-publish","hentry"],"_links":{"self":[{"href":"http:\/\/www.microcosmo.fr\/index.php\/wp-json\/wp\/v2\/pages\/541","targetHints":{"allow":["GET"]}}],"collection":[{"href":"http:\/\/www.microcosmo.fr\/index.php\/wp-json\/wp\/v2\/pages"}],"about":[{"href":"http:\/\/www.microcosmo.fr\/index.php\/wp-json\/wp\/v2\/types\/page"}],"author":[{"embeddable":true,"href":"http:\/\/www.microcosmo.fr\/index.php\/wp-json\/wp\/v2\/users\/1"}],"replies":[{"embeddable":true,"href":"http:\/\/www.microcosmo.fr\/index.php\/wp-json\/wp\/v2\/comments?post=541"}],"version-history":[{"count":16,"href":"http:\/\/www.microcosmo.fr\/index.php\/wp-json\/wp\/v2\/pages\/541\/revisions"}],"predecessor-version":[{"id":917,"href":"http:\/\/www.microcosmo.fr\/index.php\/wp-json\/wp\/v2\/pages\/541\/revisions\/917"}],"up":[{"embeddable":true,"href":"http:\/\/www.microcosmo.fr\/index.php\/wp-json\/wp\/v2\/pages\/295"}],"wp:attachment":[{"href":"http:\/\/www.microcosmo.fr\/index.php\/wp-json\/wp\/v2\/media?parent=541"}],"curies":[{"name":"wp","href":"https:\/\/api.w.org\/{rel}","templated":true}]}}