{"id":413,"date":"2018-01-22T16:47:09","date_gmt":"2018-01-22T15:47:09","guid":{"rendered":"http:\/\/www.microcosmo.fr\/?page_id=413"},"modified":"2024-08-16T15:26:16","modified_gmt":"2024-08-16T13:26:16","slug":"materiel-neuf","status":"publish","type":"page","link":"http:\/\/www.microcosmo.fr\/index.php\/centrale-dachat\/materiel-neuf\/","title":{"rendered":"Mat\u00e9riel neuf"},"content":{"rendered":"<p><img loading=\"lazy\" decoding=\"async\" class=\"alignright size-full wp-image-33\" src=\"http:\/\/www.microcosmo.fr\/wp-content\/uploads\/2015\/10\/revendeur_bleu2.gif\" alt=\"revendeur_bleu2\" width=\"190\" height=\"190\" \/>Revendeurs, d\u00e9panneurs informatiques, salles de jeux, cybercaf\u00e9s&#8230;<br \/>\nN&rsquo;h\u00e9sitez pas \u00e0 contacter notre service commercial pour vos devis.<\/p>\n<p>Contact : <a href=\"http:\/\/www.microcosmo.fr\/index.php\/contact\/\">http:\/\/www.microcosmo.fr\/index.php\/contact<\/a><\/p>\n<p>&nbsp;<\/p>\n<p><img loading=\"lazy\" decoding=\"async\" class=\"alignnone size-full wp-image-806\" src=\"http:\/\/www.microcosmo.fr\/wp-content\/uploads\/2024\/08\/Capture-decran-2024-08-16-152458.jpg\" alt=\"\" width=\"610\" height=\"413\" srcset=\"http:\/\/www.microcosmo.fr\/wp-content\/uploads\/2024\/08\/Capture-decran-2024-08-16-152458.jpg 610w, http:\/\/www.microcosmo.fr\/wp-content\/uploads\/2024\/08\/Capture-decran-2024-08-16-152458-300x203.jpg 300w\" sizes=\"auto, (max-width: 610px) 100vw, 610px\" \/><\/p>\n","protected":false},"excerpt":{"rendered":"<p>Revendeurs, d\u00e9panneurs informatiques, salles de jeux, cybercaf\u00e9s&#8230; N&rsquo;h\u00e9sitez pas \u00e0 contacter notre service commercial pour vos devis. Contact : http:\/\/www.microcosmo.fr\/index.php\/contact &nbsp;<\/p>\n","protected":false},"author":1,"featured_media":0,"parent":2,"menu_order":0,"comment_status":"closed","ping_status":"closed","template":"","meta":{"footnotes":""},"class_list":["post-413","page","type-page","status-publish","hentry"],"_links":{"self":[{"href":"http:\/\/www.microcosmo.fr\/index.php\/wp-json\/wp\/v2\/pages\/413","targetHints":{"allow":["GET"]}}],"collection":[{"href":"http:\/\/www.microcosmo.fr\/index.php\/wp-json\/wp\/v2\/pages"}],"about":[{"href":"http:\/\/www.microcosmo.fr\/index.php\/wp-json\/wp\/v2\/types\/page"}],"author":[{"embeddable":true,"href":"http:\/\/www.microcosmo.fr\/index.php\/wp-json\/wp\/v2\/users\/1"}],"replies":[{"embeddable":true,"href":"http:\/\/www.microcosmo.fr\/index.php\/wp-json\/wp\/v2\/comments?post=413"}],"version-history":[{"count":3,"href":"http:\/\/www.microcosmo.fr\/index.php\/wp-json\/wp\/v2\/pages\/413\/revisions"}],"predecessor-version":[{"id":807,"href":"http:\/\/www.microcosmo.fr\/index.php\/wp-json\/wp\/v2\/pages\/413\/revisions\/807"}],"up":[{"embeddable":true,"href":"http:\/\/www.microcosmo.fr\/index.php\/wp-json\/wp\/v2\/pages\/2"}],"wp:attachment":[{"href":"http:\/\/www.microcosmo.fr\/index.php\/wp-json\/wp\/v2\/media?parent=413"}],"curies":[{"name":"wp","href":"https:\/\/api.w.org\/{rel}","templated":true}]}}