{"id":295,"date":"2017-08-22T10:21:39","date_gmt":"2017-08-22T08:21:39","guid":{"rendered":"http:\/\/www.microcosmo.fr\/?page_id=295"},"modified":"2024-09-06T13:08:29","modified_gmt":"2024-09-06T11:08:29","slug":"salle-de-reunion","status":"publish","type":"page","link":"http:\/\/www.microcosmo.fr\/index.php\/salle-de-reunion\/","title":{"rendered":"Location de salles"},"content":{"rendered":"\n<p><img loading=\"lazy\" decoding=\"async\" class=\"alignnone size-full wp-image-362\" src=\"http:\/\/www.microcosmo.fr\/wp-content\/uploads\/2017\/08\/carte.jpg\" alt=\"carte\" width=\"100\" height=\"77\">&nbsp;<span style=\"font-size: 18px;\"><strong>Pr<\/strong><\/span><span style=\"font-size: 18px;\"><b style=\"font-size: 18px;\">ofitez de salles de r\u00e9union au <\/b><b>c\u0153ur<\/b><b style=\"font-size: 18px;\"> de Saint Maur des Foss\u00e9s.<\/b><\/span><\/p>\n\n\n\n<p>Nos salles vous accueillent 7 jours sur 7, pour des r\u00e9unions, atelier, cession de travail ou activit\u00e9 ludique.<\/p>\n\n\n\n<p><em><img loading=\"lazy\" decoding=\"async\" class=\"alignnone size-full wp-image-338\" src=\"http:\/\/www.microcosmo.fr\/wp-content\/uploads\/2017\/08\/logo-team.png\" alt=\"logo-team\" width=\"20\" height=\"20\"> <\/em>Adapt\u00e9e pour recevoir entre 1 et 20 participants, nous pouvons installer \u00e0 la demande du mobilier, pour personnaliser totalement les salles.<\/p>\n\n\n\n<p><em><img loading=\"lazy\" decoding=\"async\" class=\"alignnone size-full wp-image-340\" src=\"http:\/\/www.microcosmo.fr\/wp-content\/uploads\/2017\/08\/logo-internet.jpg\" alt=\"logo-internet\" width=\"20\" height=\"20\"> <\/em>Vous pourrez profiter d&rsquo;un r\u00e9seau wifi s\u00e9curis\u00e9 via la Fibre 1Go.<\/p>\n\n\n\n<p><em><img loading=\"lazy\" decoding=\"async\" class=\"alignnone size-full wp-image-344\" src=\"http:\/\/www.microcosmo.fr\/wp-content\/uploads\/2017\/08\/logo-relieuse.png\" alt=\"logo-relieuse\" width=\"20\" height=\"20\"><\/em> Sur demande, nous pouvons pr\u00eater du mat\u00e9riel de bureau (massicot, relieuse, etc.)<\/p>\n\n\n\n<p><em>&nbsp;<img loading=\"lazy\" decoding=\"async\" class=\"alignnone size-full wp-image-339\" src=\"http:\/\/www.microcosmo.fr\/wp-content\/uploads\/2017\/08\/logo-food.png\" alt=\"logo-food\" width=\"20\" height=\"20\"> Il est \u00e9galement possible de faire intervenir un traiteur pour des cocktails dinatoires.<\/em><\/p>\n\n\n\n<div class=\"wp-block-media-text is-stacked-on-mobile\"><figure class=\"wp-block-media-text__media\"><img loading=\"lazy\" decoding=\"async\" width=\"500\" height=\"217\" src=\"http:\/\/www.microcosmo.fr\/wp-content\/uploads\/2017\/08\/Zen-web.jpg\" alt=\"\" class=\"wp-image-538 size-full\" srcset=\"http:\/\/www.microcosmo.fr\/wp-content\/uploads\/2017\/08\/Zen-web.jpg 500w, http:\/\/www.microcosmo.fr\/wp-content\/uploads\/2017\/08\/Zen-web-300x130.jpg 300w\" sizes=\"auto, (max-width: 500px) 100vw, 500px\" \/><\/figure><div class=\"wp-block-media-text__content\">\n<p><a href=\"http:\/\/www.microcosmo.fr\/index.php\/salle-de-reunion\/banner\/\">Salle \u00ab\u00a0Banner\u00a0\u00bb<\/a> <br>Salle de t\u00e9l\u00e9travail, de consultation ou d&rsquo;entretien individuel.<br>Jusqu&rsquo;\u00e0 3 personnes.<\/p>\n<\/div><\/div>\n\n\n\n<p><\/p>\n\n\n\n<div class=\"wp-block-media-text is-stacked-on-mobile\"><figure class=\"wp-block-media-text__media\"><img loading=\"lazy\" decoding=\"async\" width=\"300\" height=\"122\" src=\"http:\/\/www.microcosmo.fr\/wp-content\/uploads\/2024\/08\/stark-mini.jpg\" alt=\"\" class=\"wp-image-831 size-full\"\/><\/figure><div class=\"wp-block-media-text__content\">\n<p><a href=\"http:\/\/www.microcosmo.fr\/index.php\/salle-de-reunion\/salle-stark\/\" data-type=\"page\" data-id=\"641\">Salle \u00ab\u00a0Stark\u00a0\u00bb <\/a><br>Salle de r\u00e9union<br>Jusqu&rsquo;\u00e0 10 personnes<\/p>\n<\/div><\/div>\n\n\n\n<p><\/p>\n\n\n\n<div class=\"wp-block-media-text is-stacked-on-mobile\"><figure class=\"wp-block-media-text__media\"><img loading=\"lazy\" decoding=\"async\" width=\"300\" height=\"122\" src=\"http:\/\/www.microcosmo.fr\/wp-content\/uploads\/2024\/09\/Grande-salle2.jpg\" alt=\"\" class=\"wp-image-863 size-full\"\/><\/figure><div class=\"wp-block-media-text__content\">\n<p><a href=\"http:\/\/www.microcosmo.fr\/index.php\/salle-de-reunion\/salle-wayne\/\">Salle \u00ab\u00a0Wayne\u00a0\u00bb<\/a><br>Salle multi activit\u00e9 de 50m\u00b2<br>Jusqu&rsquo;\u00e0 30 personnes<\/p>\n<\/div><\/div>\n\n\n\n<p><\/p>\n\n\n\n<p class=\"has-text-align-left\">Consulter le planning, ou faites une demande de r\u00e9servation ici :<br>Dans tous les cas, une validation par retour de mail sera n\u00e9cessaire pour confirmer votre r\u00e9servation. <\/p>\n\n\n<div class=\"wp-block-image\">\n<figure class=\"alignleft\"><a href=\"http:\/\/www.microcosmo.fr\/index.php\/salle-de-reunion\/reservation\/\"><img loading=\"lazy\" decoding=\"async\" width=\"131\" height=\"124\" src=\"http:\/\/www.microcosmo.fr\/wp-content\/uploads\/2017\/08\/reservation-linear-icon-modern-outline-260nw-1230373828.png\" alt=\"\" class=\"wp-image-631\"\/><\/a><\/figure><\/div>\n\n\n<p class=\"has-text-align-center\"><\/p>\n\n\n\n<p class=\"has-text-align-center\"><\/p>\n\n\n\n<p><\/p>\n","protected":false},"excerpt":{"rendered":"<p>&nbsp;Profitez de salles de r\u00e9union au c\u0153ur de Saint Maur des Foss\u00e9s. Nos salles vous accueillent 7 jours sur 7, pour des r\u00e9unions, atelier, cession de travail ou activit\u00e9 ludique. Adapt\u00e9e pour recevoir entre 1 et 20 participants, nous pouvons installer \u00e0 la demande du mobilier, pour personnaliser totalement les&#8230;<\/p>\n","protected":false},"author":1,"featured_media":296,"parent":0,"menu_order":3,"comment_status":"closed","ping_status":"closed","template":"","meta":{"footnotes":""},"class_list":["post-295","page","type-page","status-publish","has-post-thumbnail","hentry"],"_links":{"self":[{"href":"http:\/\/www.microcosmo.fr\/index.php\/wp-json\/wp\/v2\/pages\/295","targetHints":{"allow":["GET"]}}],"collection":[{"href":"http:\/\/www.microcosmo.fr\/index.php\/wp-json\/wp\/v2\/pages"}],"about":[{"href":"http:\/\/www.microcosmo.fr\/index.php\/wp-json\/wp\/v2\/types\/page"}],"author":[{"embeddable":true,"href":"http:\/\/www.microcosmo.fr\/index.php\/wp-json\/wp\/v2\/users\/1"}],"replies":[{"embeddable":true,"href":"http:\/\/www.microcosmo.fr\/index.php\/wp-json\/wp\/v2\/comments?post=295"}],"version-history":[{"count":69,"href":"http:\/\/www.microcosmo.fr\/index.php\/wp-json\/wp\/v2\/pages\/295\/revisions"}],"predecessor-version":[{"id":864,"href":"http:\/\/www.microcosmo.fr\/index.php\/wp-json\/wp\/v2\/pages\/295\/revisions\/864"}],"wp:featuredmedia":[{"embeddable":true,"href":"http:\/\/www.microcosmo.fr\/index.php\/wp-json\/wp\/v2\/media\/296"}],"wp:attachment":[{"href":"http:\/\/www.microcosmo.fr\/index.php\/wp-json\/wp\/v2\/media?parent=295"}],"curies":[{"name":"wp","href":"https:\/\/api.w.org\/{rel}","templated":true}]}}