{"id":249,"date":"2017-05-08T18:13:12","date_gmt":"2017-05-08T16:13:12","guid":{"rendered":"http:\/\/www.microcosmo.fr\/?page_id=249"},"modified":"2024-08-16T17:43:29","modified_gmt":"2024-08-16T15:43:29","slug":"reservation","status":"publish","type":"page","link":"http:\/\/www.microcosmo.fr\/index.php\/salle-de-reunion\/reservation\/","title":{"rendered":"R\u00e9servation"},"content":{"rendered":"\n<figure class=\"wp-block-table\"><table class=\"has-fixed-layout\"><tbody><tr><td><a href=\"http:\/\/www.microcosmo.fr\/index.php\/salle-de-reunion\/banner\/\"><img loading=\"lazy\" decoding=\"async\" class=\"alignnone size-thumbnail wp-image-538\" src=\"http:\/\/www.microcosmo.fr\/wp-content\/uploads\/2017\/08\/Zen-web-150x150.jpg\" alt=\"Zen-web\" width=\"150\" height=\"150\"><\/a><\/td><td><img loading=\"lazy\" decoding=\"async\" width=\"150\" height=\"150\" class=\"wp-image-836\" src=\"http:\/\/www.microcosmo.fr\/wp-content\/uploads\/2024\/08\/stark2-mini-car.png\" alt=\"\"><br><\/td><td><a href=\"http:\/\/www.microcosmo.fr\/index.php\/salle-de-reunion\/salle-wayne\/\"><img loading=\"lazy\" decoding=\"async\" class=\"alignnone size-thumbnail wp-image-548\" src=\"http:\/\/www.microcosmo.fr\/wp-content\/uploads\/2019\/09\/web-grande-salle-r\u00e9union-150x150.jpg\" alt=\"web-grande-salle-r\u00e9union\" width=\"150\" height=\"150\"><\/a><\/td><\/tr><tr><td><a href=\"http:\/\/www.microcosmo.fr\/index.php\/salle-de-reunion\/banner\/\"><span class=\"wpcf7-form-control-wrap Salle\"><span class=\"wpcf7-form-control wpcf7-checkbox wpcf7-validates-as-required\"><span class=\"wpcf7-list-item first\"><span class=\"wpcf7-list-item-label\">Salle Banner<\/span><\/span><\/span><\/span><\/a><\/td><td><a href=\"http:\/\/www.microcosmo.fr\/index.php\/salle-de-reunion\/salle-stark\/\"><span class=\"wpcf7-form-control-wrap Salle\"><span class=\"wpcf7-form-control wpcf7-checkbox wpcf7-validates-as-required\"><span class=\"wpcf7-list-item\"><span class=\"wpcf7-list-item-label\">Salle Stark<\/span><\/span><\/span><\/span><\/a><\/td><td><a href=\"http:\/\/www.microcosmo.fr\/index.php\/salle-de-reunion\/salle-wayne\/\"><span class=\"wpcf7-form-control-wrap Salle\"><span class=\"wpcf7-form-control wpcf7-checkbox wpcf7-validates-as-required\"><span class=\"wpcf7-list-item last\"><span class=\"wpcf7-list-item-label\">Salle Wayne<\/span><\/span><\/span><\/span><\/a><\/td><\/tr><\/tbody><\/table><\/figure>\n\n\n\n<p><u><em><strong>R\u00e9servation<\/strong><\/em><\/u><\/p>\n\n\n\n<p>Vous pouvez indiquer ici vos demandes de r\u00e9servation.<br>\nVous recevrez un mail de confirmation lorsque celle-ci sera valid\u00e9e.<\/p>\n\n\n\n<div class=\"wpcf7 no-js\" id=\"wpcf7-f250-o1\" lang=\"fr-FR\" dir=\"ltr\" data-wpcf7-id=\"250\">\n<div class=\"screen-reader-response\"><p role=\"status\" aria-live=\"polite\" aria-atomic=\"true\"><\/p> <ul><\/ul><\/div>\n<form action=\"\/index.php\/wp-json\/wp\/v2\/pages\/249#wpcf7-f250-o1\" method=\"post\" class=\"wpcf7-form init\" aria-label=\"Formulaire de contact\" novalidate=\"novalidate\" data-status=\"init\">\n<fieldset class=\"hidden-fields-container\"><input type=\"hidden\" name=\"_wpcf7\" value=\"250\" \/><input type=\"hidden\" name=\"_wpcf7_version\" value=\"6.1.5\" \/><input type=\"hidden\" name=\"_wpcf7_locale\" value=\"fr_FR\" \/><input type=\"hidden\" name=\"_wpcf7_unit_tag\" value=\"wpcf7-f250-o1\" \/><input type=\"hidden\" name=\"_wpcf7_container_post\" value=\"0\" \/><input type=\"hidden\" name=\"_wpcf7_posted_data_hash\" value=\"\" \/>\n<\/fieldset>\n<p>Vous \u00eates :<br \/>\n<span class=\"wpcf7-form-control-wrap\" data-name=\"client\"><span class=\"wpcf7-form-control wpcf7-checkbox wpcf7-exclusive-checkbox\"><span class=\"wpcf7-list-item first\"><input type=\"checkbox\" name=\"client\" value=\"D\u00e9j\u00e0 client\" \/><span class=\"wpcf7-list-item-label\">D\u00e9j\u00e0 client<\/span><\/span><span class=\"wpcf7-list-item last\"><input type=\"checkbox\" name=\"client\" value=\"Pas encore client\" \/><span class=\"wpcf7-list-item-label\">Pas encore client<\/span><\/span><\/span><\/span>\n<\/p>\n<p>La salle que vous souhaitez r\u00e9server :<br \/>\n<span class=\"wpcf7-form-control-wrap\" data-name=\"menu-303\"><select class=\"wpcf7-form-control wpcf7-select\" aria-invalid=\"false\" name=\"menu-303\"><option value=\"\">&#8212;Veuillez choisir une option&#8212;<\/option><option value=\"Salle Banner (jusqu&#039;\u00e0 3 personnes)\">Salle Banner (jusqu&#039;\u00e0 3 personnes)<\/option><option value=\"Salle Stark (jusqu&#039;\u00e0 10 personnes)\">Salle Stark (jusqu&#039;\u00e0 10 personnes)<\/option><option value=\"Salle Wayne (jusqu&#039;\u00e0 30 personnes)\">Salle Wayne (jusqu&#039;\u00e0 30 personnes)<\/option><\/select><\/span>\n<\/p>\n<p><label> Votre nom (obligatoire)<br \/>\n<span class=\"wpcf7-form-control-wrap\" data-name=\"nom\"><input size=\"40\" maxlength=\"400\" class=\"wpcf7-form-control wpcf7-text wpcf7-validates-as-required\" aria-required=\"true\" aria-invalid=\"false\" value=\"\" type=\"text\" name=\"nom\" \/><\/span> <\/label><br \/>\n<label> Soci\u00e9t\u00e9<br \/>\n<span class=\"wpcf7-form-control-wrap\" data-name=\"societe\"><input size=\"40\" maxlength=\"400\" class=\"wpcf7-form-control wpcf7-text\" aria-invalid=\"false\" value=\"\" type=\"text\" name=\"societe\" \/><\/span> <\/label><br \/>\n<label> Pour entreprises, vos coordonn\u00e9es compl\u00e8tes, pour recevoir un devis<br \/>\n<span class=\"wpcf7-form-control-wrap\" data-name=\"coordonnees\"><textarea cols=\"40\" rows=\"10\" maxlength=\"2000\" class=\"wpcf7-form-control wpcf7-textarea\" aria-invalid=\"false\" name=\"coordonnees\"><\/textarea><\/span> <\/label><br \/>\n<label> Quelle est votre activit\u00e9 ?(obligatoire)<br \/>\n<span class=\"wpcf7-form-control-wrap\" data-name=\"your-activ\"><input size=\"40\" maxlength=\"400\" class=\"wpcf7-form-control wpcf7-text wpcf7-validates-as-required\" aria-required=\"true\" aria-invalid=\"false\" value=\"\" type=\"text\" name=\"your-activ\" \/><\/span> <\/label><br \/>\n<label> Nombre de participants (obligatoire)<br \/>\n<span class=\"wpcf7-form-control-wrap\" data-name=\"your-nombre\"><input size=\"40\" maxlength=\"400\" class=\"wpcf7-form-control wpcf7-text wpcf7-validates-as-required\" aria-required=\"true\" aria-invalid=\"false\" value=\"\" type=\"text\" name=\"your-nombre\" \/><\/span> <\/label><br \/>\n<label> Votre e-mail (obligatoire)<br \/>\n<span class=\"wpcf7-form-control-wrap\" data-name=\"your-email\"><input size=\"40\" maxlength=\"400\" class=\"wpcf7-form-control wpcf7-email wpcf7-validates-as-required wpcf7-text wpcf7-validates-as-email\" aria-required=\"true\" aria-invalid=\"false\" value=\"\" type=\"email\" name=\"your-email\" \/><\/span> <\/label><br \/>\n<label> T\u00e9l\u00e9phone (obligatoire)<br \/>\n<span class=\"wpcf7-form-control-wrap\" data-name=\"tel-89\"><input size=\"40\" maxlength=\"400\" class=\"wpcf7-form-control wpcf7-tel wpcf7-validates-as-required wpcf7-text wpcf7-validates-as-tel\" aria-required=\"true\" aria-invalid=\"false\" value=\"\" type=\"tel\" name=\"tel-89\" \/><\/span> <\/label><br \/>\n<label> Date(s) et horaires souhait\u00e9s (obligatoire)<br \/>\n<span class=\"wpcf7-form-control-wrap\" data-name=\"date\"><input size=\"40\" maxlength=\"400\" class=\"wpcf7-form-control wpcf7-text wpcf7-validates-as-required\" aria-required=\"true\" aria-invalid=\"false\" value=\"\" type=\"text\" name=\"date\" \/><\/span> <\/label>\n<\/p>\n<p><label>Commentaires, questions, mobilier n\u00e9cessaire... Merci d'\u00eatre le plus pr\u00e9cis possible.<br \/>\n<span class=\"wpcf7-form-control-wrap\" data-name=\"your-message\"><textarea cols=\"40\" rows=\"10\" maxlength=\"2000\" class=\"wpcf7-form-control wpcf7-textarea\" aria-invalid=\"false\" name=\"your-message\"><\/textarea><\/span> <\/label>\n<\/p>\n<p><input class=\"wpcf7-form-control wpcf7-submit has-spinner\" type=\"submit\" value=\"Envoyer\" \/>\n<\/p><div class=\"wpcf7-response-output\" aria-hidden=\"true\"><\/div>\n<\/form>\n<\/div>\n\n\n\n\n<p><u><em><strong>Calendrier des r\u00e9servations<\/strong><\/em><\/u><br>\n<img loading=\"lazy\" decoding=\"async\" class=\"alignnone size-full wp-image-725\" title=\"\" src=\"http:\/\/www.microcosmo.fr\/wp-content\/uploads\/2017\/05\/Wayne.jpg\" alt=\"Wayne\" width=\"22\" height=\"22\">&nbsp;<a href=\"http:\/\/www.microcosmo.fr\/index.php\/salle-de-reunion\/salle-wayne\/\">Salle Wayne<\/a><br>\n<img loading=\"lazy\" decoding=\"async\" class=\"alignnone size-full wp-image-727\" title=\"\" src=\"http:\/\/www.microcosmo.fr\/wp-content\/uploads\/2017\/05\/Stark.jpg\" alt=\"Stark\" width=\"22\" height=\"22\">&nbsp;<a href=\"http:\/\/www.microcosmo.fr\/index.php\/salle-de-reunion\/salle-stark\/\">Salle Stark<\/a><br>\n<img loading=\"lazy\" decoding=\"async\" class=\"alignnone size-full wp-image-729\" title=\"\" src=\"http:\/\/www.microcosmo.fr\/wp-content\/uploads\/2017\/05\/Parker.jpg\" alt=\"Parker\" width=\"22\" height=\"22\">&nbsp;<a href=\"http:\/\/www.microcosmo.fr\/index.php\/salle-de-reunion\/banner\/\">Salle Banner<\/a><br>\n<iframe loading=\"lazy\" style=\"border: solid 1px #777;\" src=\"https:\/\/calendar.google.com\/calendar\/embed?height=600&amp;wkst=2&amp;bgcolor=%23ffffff&amp;ctz=Europe%2FParis&amp;src=dTg3bmw2NmYxcXYydmxlM3BscnZodWp0ZmNAZ3JvdXAuY2FsZW5kYXIuZ29vZ2xlLmNvbQ&amp;src=N25uZTh1amlodWlxNjk2MzJyNHQxcTQ5dDBAZ3JvdXAuY2FsZW5kYXIuZ29vZ2xlLmNvbQ&amp;src=Mm02Yms4NGQwMjFlbHByZmN0MjMzcnRuN29AZ3JvdXAuY2FsZW5kYXIuZ29vZ2xlLmNvbQ&amp;src=ZTQ1a2JxODI0MG8yc3VuY2g0Yjl1YjY3Mm9AZ3JvdXAuY2FsZW5kYXIuZ29vZ2xlLmNvbQ&amp;color=%239E69AF&amp;color=%23D50000&amp;color=%23039BE5&amp;color=%237986CB&amp;showTitle=0&amp;showPrint=0&amp;showTabs=1&amp;showCalendars=1&amp;showTz=0&amp;mode=WEEK\" width=\"800\" height=\"600\" frameborder=\"0\" scrolling=\"no\"><\/iframe><\/p>\n","protected":false},"excerpt":{"rendered":"<p>Salle Banner Salle Stark Salle Wayne R\u00e9servation Vous pouvez indiquer ici vos demandes de r\u00e9servation. Vous recevrez un mail de confirmation lorsque celle-ci sera valid\u00e9e. Calendrier des r\u00e9servations &nbsp;Salle Wayne &nbsp;Salle Stark &nbsp;Salle Banner<\/p>\n","protected":false},"author":1,"featured_media":0,"parent":295,"menu_order":5,"comment_status":"closed","ping_status":"closed","template":"","meta":{"footnotes":""},"class_list":["post-249","page","type-page","status-publish","hentry"],"_links":{"self":[{"href":"http:\/\/www.microcosmo.fr\/index.php\/wp-json\/wp\/v2\/pages\/249","targetHints":{"allow":["GET"]}}],"collection":[{"href":"http:\/\/www.microcosmo.fr\/index.php\/wp-json\/wp\/v2\/pages"}],"about":[{"href":"http:\/\/www.microcosmo.fr\/index.php\/wp-json\/wp\/v2\/types\/page"}],"author":[{"embeddable":true,"href":"http:\/\/www.microcosmo.fr\/index.php\/wp-json\/wp\/v2\/users\/1"}],"replies":[{"embeddable":true,"href":"http:\/\/www.microcosmo.fr\/index.php\/wp-json\/wp\/v2\/comments?post=249"}],"version-history":[{"count":37,"href":"http:\/\/www.microcosmo.fr\/index.php\/wp-json\/wp\/v2\/pages\/249\/revisions"}],"predecessor-version":[{"id":856,"href":"http:\/\/www.microcosmo.fr\/index.php\/wp-json\/wp\/v2\/pages\/249\/revisions\/856"}],"up":[{"embeddable":true,"href":"http:\/\/www.microcosmo.fr\/index.php\/wp-json\/wp\/v2\/pages\/295"}],"wp:attachment":[{"href":"http:\/\/www.microcosmo.fr\/index.php\/wp-json\/wp\/v2\/media?parent=249"}],"curies":[{"name":"wp","href":"https:\/\/api.w.org\/{rel}","templated":true}]}}